{"id":3360,"date":"2017-12-02T21:57:03","date_gmt":"2017-12-02T19:57:03","guid":{"rendered":"https:\/\/projector.lt\/avaleht-2\/footer\/"},"modified":"2024-06-04T10:46:04","modified_gmt":"2024-06-04T07:46:04","slug":"footer","status":"publish","type":"page","link":"https:\/\/projector.lt\/en\/avaleht-en\/footer\/","title":{"rendered":"Kontaktandmed EN\/Jalus\/footer"},"content":{"rendered":"<p><section id=\"footer-contacts\" class=\"kc-elm kc-css-625315 kc_row\"><div class=\"kc-row-container  kc-container\"><div class=\"kc-wrap-columns\"><div class=\"kc-elm kc-css-260135 kc_col-sm-3 kc_column kc_col-sm-3\"><div class=\"kc-col-container\"><div class=\"kc-elm kc-css-996239 kc_shortcode kc_single_image margintop-10\">\n\n        <img decoding=\"async\" src=\"https:\/\/projector.lt\/wp-content\/uploads\/logo-projector-newsec.svg\" class=\"footer-logo\" alt=\"\" \/>    <\/div>\n<\/div><\/div><div class=\"kc-elm kc-css-646256 kc_col-sm-3 kc_column kc_col-sm-3\"><div class=\"kc-col-container\">\n<div class=\"kc-elm kc-css-894782 kc-title-wrap \">\n\n\t<h5 class=\"kc_title\">UAB Projector<\/h5>\n<\/div>\n<div class=\"kc-elm kc-css-960013 kc_text_block\"><\/p>\n<p>\n<a href=\"https:\/\/www.google.ee\/maps\/place\/J.+Bal%C4%8Dikonio+g.+9,+Vilnius+08314,+Lithuania\/@54.720914,25.2810095,17z\/data=!3m1!4b1!4m5!3m4!1s0x46dd914a34a43dad:0x1dc252a6f414a083!8m2!3d54.7209109!4d25.2831982?hl=en\"><span>Juozo Bal\u010dikonio g. 9<\/span><\/a><br \/>Vilnius, Lithuania<br \/><a href=\"mailto:info@projector.lt\">info@projector.lt<\/a><\/p>\n<p>\n<\/div><\/div><\/div><div class=\"kc-elm kc-css-78975 kc_col-sm-3 kc_column kc_col-sm-3\"><div class=\"kc-col-container\">\n<div class=\"kc-elm kc-css-653185 kc-title-wrap \">\n\n\t<h5 class=\"kc_title\"><a href=\"https:\/\/projector.ee\" class=\"kc_title_link\" title=\"\" target=\"_blank\">Projector O\u00dc<\/a><\/h5>\n<\/div>\n<div class=\"kc-elm kc-css-631458 kc_text_block\"><\/p>\n<p><a href=\"https:\/\/www.google.com\/maps\/place\/Viru+v%C3%A4ljak+2,+10111+Tallinn\/@59.4375289,24.7514602,17z\/data=!3m1!4b1!4m6!3m5!1s0x46929360fe8e7cf3:0x7b7960fc74b80852!8m2!3d59.4375262!4d24.7540351!16s%2Fg%2F11bw3wmzqk?entry=ttu\" target=\"_blank\" rel=\"noopener\">Viru v\u00e4ljak 2<\/a>,<br \/>Tallinn, Estonia<br \/><a href=\"mailto:info@projector.ee\">info@projector.ee<\/a><\/p>\n<p>\n<\/div><\/div><\/div><div class=\"kc-elm kc-css-473261 kc_col-sm-3 kc_column kc_col-sm-3\"><div class=\"kc-col-container\">\n<div class=\"kc-elm kc-css-853899 kc-title-wrap \">\n\n\t<h5 class=\"kc_title\">SIA Projector<\/h5>\n<\/div>\n<div class=\"kc-elm kc-css-499007 kc_text_block\"><\/p>\n<p><a href=\"https:\/\/www.google.com\/maps\/place\/Marijas+iela+2a,+Centra+rajons,+R%C4%ABga,+LV-1050,+Latvia\/@56.9482887,24.1182782,17z\/data=!3m1!4b1!4m6!3m5!1s0x46eecfd346b7938d:0xab2eaf2b3aaf07f8!8m2!3d56.9482858!4d24.1208531!16s%2Fg%2F11gdyp7gn7?entry=ttu\" target=\"_blank\" rel=\"noopener\">Marijas 2a<\/a><br \/>\nRiga, Latvia<br \/>\n<a href=\"mailto:info@projektiinsener.lv\"><span>info@projektiinsener.lv<\/span><\/a><\/p>\n<p>\n<\/div><\/div><\/div><\/div><\/div><\/section><section id=\"footer\" data-kc-fullwidth=\"row\" class=\"kc-elm kc-css-59289 kc_row\"><div class=\"kc-row-container  kc-container\"><div class=\"kc-wrap-columns\"><div class=\"kc-elm kc-css-79493 kc_col-sm-4 kc_column kc_col-sm-4\"><div class=\"kc-col-container\"><div class=\"kc-elm kc-css-606440 kc_text_block text-left\"><\/p>\n<p><a href=\"http:\/\/www.cdi.net.pl\/\" target=\"_blank\" rel=\"noopener\"><img loading=\"lazy\" decoding=\"async\" src=\"https:\/\/projector.lt\/wp-content\/uploads\/2017\/12\/logo-cdi.png\" width=\"127\" height=\"50\" alt=\"\" class=\"alignnone size-full\" \/><\/a><\/p>\n<p>\n<\/div><\/div><\/div><div class=\"kc-elm kc-css-73440 kc_col-sm-4 kc_column kc_col-sm-4\"><div class=\"text-right kc-col-container\"><\/div><\/div><div class=\"kc-elm kc-css-56206 kc_col-sm-4 kc_column kc_col-sm-4\"><div class=\"text-right kc-col-container\"><div class=\"kc-elm kc-css-407157 kc_text_block text-right\"><\/p>\n<p><a href=\"https:\/\/www.facebook.com\/projector.bpt\/\" target=\"_blank\" rel=\"noopener\"><span class=\"fa fa-facebook\"><\/span><\/a><a href=\"https:\/\/www.linkedin.com\/company\/projector-bpt\" target=\"_blank\" rel=\"noopener\"> <span class=\"fa fa-linkedin\"><\/span><\/a><a href=\"https:\/\/vimeo.com\/user3050014\" target=\"_blank\" rel=\"noopener\"><span class=\"fa fa-vimeo\"><\/span><\/a><\/p>\n<p>\n<\/div><div class=\"kc-elm kc-css-99986 kc_text_block paddingtop50\"><\/p>\n<p>\n2025 Projector O\u00dc<\/p>\n<p>\n<\/div><\/div><\/div><\/div><\/div><\/section><\/p>\n","protected":false},"excerpt":{"rendered":"<p> [&#8230;]<\/p>\n<p><a class=\"btn btn-secondary read-more-link\" href=\"https:\/\/projector.lt\/en\/avaleht-en\/footer\/\">Read more&#8230;<\/a><\/p>\n","protected":false},"author":3,"featured_media":0,"parent":2749,"menu_order":53,"comment_status":"closed","ping_status":"closed","template":"page-home.php","meta":{"_acf_changed":false,"_custom_body_class":"","_custom_post_class":"","inline_featured_image":false,"footnotes":""},"class_list":["post-3360","page","type-page","status-publish","hentry"],"acf":[],"yoast_head":"<!-- This site is optimized with the Yoast SEO plugin v27.4 - https:\/\/yoast.com\/product\/yoast-seo-wordpress\/ -->\n<title>Kontaktandmed EN\/Jalus\/footer - Projector<\/title>\n<meta name=\"robots\" content=\"index, nofollow, max-snippet:-1, max-image-preview:large, max-video-preview:-1\" \/>\n<link rel=\"canonical\" href=\"https:\/\/projector.lt\/en\/avaleht-en\/footer\/\" \/>\n<meta property=\"og:locale\" content=\"en_US\" \/>\n<meta property=\"og:type\" content=\"article\" \/>\n<meta property=\"og:title\" content=\"Kontaktandmed EN\/Jalus\/footer - Projector\" \/>\n<meta property=\"og:description\" content=\"UAB Projector Juozo Bal\u010dikonio g. 9Vilnius, Lithuaniainfo@projector.lt Projector O\u00dc Viru v\u00e4ljak 2,Tallinn, Estoniainfo@projector.ee SIA Projector Marijas 2a Riga, Latvia info@projektiinsener.lv 2024 Projector O\u00dc [...]Read more...\" \/>\n<meta property=\"og:url\" content=\"https:\/\/projector.lt\/en\/avaleht-en\/footer\/\" \/>\n<meta property=\"og:site_name\" content=\"Projector\" \/>\n<meta property=\"article:publisher\" content=\"https:\/\/www.facebook.com\/projector.bpt\/\" \/>\n<meta property=\"article:modified_time\" content=\"2024-06-04T07:46:04+00:00\" \/>\n<meta property=\"og:image\" content=\"https:\/\/projector.lt\/wp-content\/uploads\/logo-projector-newsec.svg\" \/>\n<meta name=\"twitter:card\" content=\"summary_large_image\" \/>\n<meta name=\"twitter:label1\" content=\"Est. reading time\" \/>\n\t<meta name=\"twitter:data1\" content=\"1 minute\" \/>\n<script type=\"application\/ld+json\" class=\"yoast-schema-graph\">{\"@context\":\"https:\\\/\\\/schema.org\",\"@graph\":[{\"@type\":\"WebPage\",\"@id\":\"https:\\\/\\\/projector.lt\\\/en\\\/avaleht-en\\\/footer\\\/\",\"url\":\"https:\\\/\\\/projector.lt\\\/en\\\/avaleht-en\\\/footer\\\/\",\"name\":\"Kontaktandmed EN\\\/Jalus\\\/footer - Projector\",\"isPartOf\":{\"@id\":\"https:\\\/\\\/projector.lt\\\/#website\"},\"primaryImageOfPage\":{\"@id\":\"https:\\\/\\\/projector.lt\\\/en\\\/avaleht-en\\\/footer\\\/#primaryimage\"},\"image\":{\"@id\":\"https:\\\/\\\/projector.lt\\\/en\\\/avaleht-en\\\/footer\\\/#primaryimage\"},\"thumbnailUrl\":\"https:\\\/\\\/projector.lt\\\/wp-content\\\/uploads\\\/logo-projector-newsec.svg\",\"datePublished\":\"2017-12-02T19:57:03+00:00\",\"dateModified\":\"2024-06-04T07:46:04+00:00\",\"breadcrumb\":{\"@id\":\"https:\\\/\\\/projector.lt\\\/en\\\/avaleht-en\\\/footer\\\/#breadcrumb\"},\"inLanguage\":\"en-US\",\"potentialAction\":[{\"@type\":\"ReadAction\",\"target\":[\"https:\\\/\\\/projector.lt\\\/en\\\/avaleht-en\\\/footer\\\/\"]}]},{\"@type\":\"ImageObject\",\"inLanguage\":\"en-US\",\"@id\":\"https:\\\/\\\/projector.lt\\\/en\\\/avaleht-en\\\/footer\\\/#primaryimage\",\"url\":\"https:\\\/\\\/projector.lt\\\/wp-content\\\/uploads\\\/logo-projector-newsec.svg\",\"contentUrl\":\"https:\\\/\\\/projector.lt\\\/wp-content\\\/uploads\\\/logo-projector-newsec.svg\"},{\"@type\":\"BreadcrumbList\",\"@id\":\"https:\\\/\\\/projector.lt\\\/en\\\/avaleht-en\\\/footer\\\/#breadcrumb\",\"itemListElement\":[{\"@type\":\"ListItem\",\"position\":1,\"name\":\"Home\",\"item\":\"https:\\\/\\\/projector.lt\\\/en\\\/\"},{\"@type\":\"ListItem\",\"position\":2,\"name\":\"Avaleht EN\",\"item\":\"https:\\\/\\\/projector.lt\\\/en\\\/\"},{\"@type\":\"ListItem\",\"position\":3,\"name\":\"Kontaktandmed EN\\\/Jalus\\\/footer\"}]},{\"@type\":\"WebSite\",\"@id\":\"https:\\\/\\\/projector.lt\\\/#website\",\"url\":\"https:\\\/\\\/projector.lt\\\/\",\"name\":\"Projector\",\"description\":\"\",\"publisher\":{\"@id\":\"https:\\\/\\\/projector.lt\\\/#organization\"},\"potentialAction\":[{\"@type\":\"SearchAction\",\"target\":{\"@type\":\"EntryPoint\",\"urlTemplate\":\"https:\\\/\\\/projector.lt\\\/?s={search_term_string}\"},\"query-input\":{\"@type\":\"PropertyValueSpecification\",\"valueRequired\":true,\"valueName\":\"search_term_string\"}}],\"inLanguage\":\"en-US\"},{\"@type\":\"Organization\",\"@id\":\"https:\\\/\\\/projector.lt\\\/#organization\",\"name\":\"Projector\",\"url\":\"https:\\\/\\\/projector.lt\\\/\",\"logo\":{\"@type\":\"ImageObject\",\"inLanguage\":\"en-US\",\"@id\":\"https:\\\/\\\/projector.lt\\\/#\\\/schema\\\/logo\\\/image\\\/\",\"url\":\"https:\\\/\\\/projector.lt\\\/wp-content\\\/uploads\\\/logo-projector.svg\",\"contentUrl\":\"https:\\\/\\\/projector.lt\\\/wp-content\\\/uploads\\\/logo-projector.svg\",\"width\":1,\"height\":1,\"caption\":\"Projector\"},\"image\":{\"@id\":\"https:\\\/\\\/projector.lt\\\/#\\\/schema\\\/logo\\\/image\\\/\"},\"sameAs\":[\"https:\\\/\\\/www.facebook.com\\\/projector.bpt\\\/\"]}]}<\/script>\n<!-- \/ Yoast SEO plugin. -->","yoast_head_json":{"title":"Kontaktandmed EN\/Jalus\/footer - Projector","robots":{"index":"index","follow":"nofollow","max-snippet":"max-snippet:-1","max-image-preview":"max-image-preview:large","max-video-preview":"max-video-preview:-1"},"canonical":"https:\/\/projector.lt\/en\/avaleht-en\/footer\/","og_locale":"en_US","og_type":"article","og_title":"Kontaktandmed EN\/Jalus\/footer - Projector","og_description":"UAB Projector Juozo Bal\u010dikonio g. 9Vilnius, Lithuaniainfo@projector.lt Projector O\u00dc Viru v\u00e4ljak 2,Tallinn, Estoniainfo@projector.ee SIA Projector Marijas 2a Riga, Latvia info@projektiinsener.lv 2024 Projector O\u00dc [...]Read more...","og_url":"https:\/\/projector.lt\/en\/avaleht-en\/footer\/","og_site_name":"Projector","article_publisher":"https:\/\/www.facebook.com\/projector.bpt\/","article_modified_time":"2024-06-04T07:46:04+00:00","og_image":[{"url":"https:\/\/projector.lt\/wp-content\/uploads\/logo-projector-newsec.svg","type":"","width":"","height":""}],"twitter_card":"summary_large_image","twitter_misc":{"Est. reading time":"1 minute"},"schema":{"@context":"https:\/\/schema.org","@graph":[{"@type":"WebPage","@id":"https:\/\/projector.lt\/en\/avaleht-en\/footer\/","url":"https:\/\/projector.lt\/en\/avaleht-en\/footer\/","name":"Kontaktandmed EN\/Jalus\/footer - Projector","isPartOf":{"@id":"https:\/\/projector.lt\/#website"},"primaryImageOfPage":{"@id":"https:\/\/projector.lt\/en\/avaleht-en\/footer\/#primaryimage"},"image":{"@id":"https:\/\/projector.lt\/en\/avaleht-en\/footer\/#primaryimage"},"thumbnailUrl":"https:\/\/projector.lt\/wp-content\/uploads\/logo-projector-newsec.svg","datePublished":"2017-12-02T19:57:03+00:00","dateModified":"2024-06-04T07:46:04+00:00","breadcrumb":{"@id":"https:\/\/projector.lt\/en\/avaleht-en\/footer\/#breadcrumb"},"inLanguage":"en-US","potentialAction":[{"@type":"ReadAction","target":["https:\/\/projector.lt\/en\/avaleht-en\/footer\/"]}]},{"@type":"ImageObject","inLanguage":"en-US","@id":"https:\/\/projector.lt\/en\/avaleht-en\/footer\/#primaryimage","url":"https:\/\/projector.lt\/wp-content\/uploads\/logo-projector-newsec.svg","contentUrl":"https:\/\/projector.lt\/wp-content\/uploads\/logo-projector-newsec.svg"},{"@type":"BreadcrumbList","@id":"https:\/\/projector.lt\/en\/avaleht-en\/footer\/#breadcrumb","itemListElement":[{"@type":"ListItem","position":1,"name":"Home","item":"https:\/\/projector.lt\/en\/"},{"@type":"ListItem","position":2,"name":"Avaleht EN","item":"https:\/\/projector.lt\/en\/"},{"@type":"ListItem","position":3,"name":"Kontaktandmed EN\/Jalus\/footer"}]},{"@type":"WebSite","@id":"https:\/\/projector.lt\/#website","url":"https:\/\/projector.lt\/","name":"Projector","description":"","publisher":{"@id":"https:\/\/projector.lt\/#organization"},"potentialAction":[{"@type":"SearchAction","target":{"@type":"EntryPoint","urlTemplate":"https:\/\/projector.lt\/?s={search_term_string}"},"query-input":{"@type":"PropertyValueSpecification","valueRequired":true,"valueName":"search_term_string"}}],"inLanguage":"en-US"},{"@type":"Organization","@id":"https:\/\/projector.lt\/#organization","name":"Projector","url":"https:\/\/projector.lt\/","logo":{"@type":"ImageObject","inLanguage":"en-US","@id":"https:\/\/projector.lt\/#\/schema\/logo\/image\/","url":"https:\/\/projector.lt\/wp-content\/uploads\/logo-projector.svg","contentUrl":"https:\/\/projector.lt\/wp-content\/uploads\/logo-projector.svg","width":1,"height":1,"caption":"Projector"},"image":{"@id":"https:\/\/projector.lt\/#\/schema\/logo\/image\/"},"sameAs":["https:\/\/www.facebook.com\/projector.bpt\/"]}]}},"_links":{"self":[{"href":"https:\/\/projector.lt\/en\/wp-json\/wp\/v2\/pages\/3360","targetHints":{"allow":["GET"]}}],"collection":[{"href":"https:\/\/projector.lt\/en\/wp-json\/wp\/v2\/pages"}],"about":[{"href":"https:\/\/projector.lt\/en\/wp-json\/wp\/v2\/types\/page"}],"author":[{"embeddable":true,"href":"https:\/\/projector.lt\/en\/wp-json\/wp\/v2\/users\/3"}],"replies":[{"embeddable":true,"href":"https:\/\/projector.lt\/en\/wp-json\/wp\/v2\/comments?post=3360"}],"version-history":[{"count":5,"href":"https:\/\/projector.lt\/en\/wp-json\/wp\/v2\/pages\/3360\/revisions"}],"predecessor-version":[{"id":7996,"href":"https:\/\/projector.lt\/en\/wp-json\/wp\/v2\/pages\/3360\/revisions\/7996"}],"up":[{"embeddable":true,"href":"https:\/\/projector.lt\/en\/wp-json\/wp\/v2\/pages\/2749"}],"wp:attachment":[{"href":"https:\/\/projector.lt\/en\/wp-json\/wp\/v2\/media?parent=3360"}],"curies":[{"name":"wp","href":"https:\/\/api.w.org\/{rel}","templated":true}]}}