{"id":1236,"date":"2013-05-04T09:25:26","date_gmt":"2013-05-04T06:25:26","guid":{"rendered":"http:\/\/projector.wrkland.com\/?page_id=1236"},"modified":"2024-06-04T10:45:36","modified_gmt":"2024-06-04T07:45:36","slug":"contact","status":"publish","type":"page","link":"https:\/\/projector.lt\/en\/contact\/","title":{"rendered":"Contact us"},"content":{"rendered":"<p><section class=\"kc-elm kc-css-21927 kc_row\"><div class=\"kc-row-container  kc-container\"><div class=\"kc-wrap-columns\"><div class=\"kc-elm kc-css-386419 kc_col-sm-12 kc_column kc_col-sm-12\"><div class=\"kc-col-container\"><div class=\"kc-elm kc-css-318004 kc_text_block\"><\/p>\n<p>\n<a class=\"strong\" href=\"#est\">ESTONIA<\/a>\u00a0 \u00a0 \u00a0 \u00a0 \u00a0 <a class=\"strong\" href=\"#lat\">LATVIA<\/a>\u00a0 \u00a0 \u00a0 \u00a0 \u00a0 <a class=\"strong\" href=\"#lit\">LITHUANIA<\/a><\/p>\n<p>\n<\/div><div class=\"kc-elm kc-css-475651\" style=\"height: 43px; clear: both; width:100%;\"><\/div><\/div><\/div><\/div><\/div><\/section><section class=\"kc-elm kc-css-17059 kc_row\"><div class=\"kc-row-container  kc-container\"><div class=\"kc-wrap-columns\"><div class=\"kc-elm kc-css-699774 kc_col-sm-3 kc_column kc_col-sm-3\"><div class=\"kc-col-container\"><div class=\"kc-elm kc-css-181672 kc-raw-code\"><a name=\"lit\"><\/a><\/div>\n<div class=\"kc-elm kc-css-582642 kc-title-wrap \">\n\n\t<h2 class=\"kc_title\">Vilnius<\/h2>\n<\/div>\n<div class=\"kc-elm kc-css-371569 kc_text_block\"><\/p>\n<p>\n<strong>UAB Projector<br \/><\/strong>Juozo Bal\u010dikonio g. 9 Vilnius, Lithuania<br \/>e-mail: <a href=\"mailto:info@projector.lt\"><u>info@projector.lt<\/u><\/a><\/p>\n<p>\n<\/div><\/div><\/div><div class=\"kc-elm kc-css-758948 kc_col-sm-5 kc_column kc_col-sm-5\"><div class=\"kc-col-container\"><div class=\"kc-elm kc-css-37677 kc-raw-code\"><iframe src=\"https:\/\/www.google.com\/maps\/embed?pb=!1m18!1m12!1m3!1d2304.3454392791377!2d25.2763443875911!3d54.721138400647526!2m3!1f0!2f0!3f0!3m2!1i1024!2i768!4f13.1!3m3!1m2!1s0x46dd91497f69a11d%3A0x145470d55a6f366f!2sJ.%20Bal%C4%8Dikonio%20g.%209%2C%20Vilnius%2C%2008200%20Vilniaus%20m.%20sav.%2C%20Lithuania!5e0!3m2!1sen!2see!4v1714657518052!5m2!1sen!2see\" width=\"468\" height=\"312\" style=\"border:0;\" allowfullscreen=\"\" loading=\"lazy\" referrerpolicy=\"no-referrer-when-downgrade\"><\/iframe><\/div><div class=\"kc-elm kc-css-268804\" style=\"height: 59px; clear: both; width:100%;\"><\/div><\/div><\/div><div class=\"kc-elm kc-css-613979 kc_col-sm-5 kc_column kc_col-sm-5\"><div class=\"kc-col-container\"><div class=\"kc-elm kc-css-418164 kc_shortcode kc_single_image\">\n\n        <img decoding=\"async\" src=\"https:\/\/projector.lt\/wp-content\/uploads\/office-lithuania-e1513606150441-540x360xc.jpg\" class=\"\" alt=\"\" \/>    <\/div>\n<div class=\"kc-elm kc-css-527838\" style=\"height: 59px; clear: both; width:100%;\"><\/div><\/div><\/div><\/div><\/div><\/section><section id=\"est\" class=\"kc-elm kc-css-689689 kc_row\"><div class=\"kc-row-container  kc-container\"><div class=\"kc-wrap-columns\"><div class=\"kc-elm kc-css-953669 kc_col-sm-3 kc_column kc_col-sm-3\"><div class=\"kc-col-container\"><div class=\"kc-elm kc-css-778949 kc-raw-code\"><a name=\"est\"><\/a><\/div>\n<div class=\"kc-elm kc-css-788652 kc-title-wrap \">\n\n\t<h2 class=\"kc_title\">Tallinn<\/h2>\n<\/div>\n<div class=\"kc-elm kc-css-727994 kc_text_block\"><\/p>\n<p><strong>Projector O\u00dc<br \/><\/strong><a href=\"https:\/\/www.google.com\/maps\/place\/Viru+v%C3%A4ljak+2,+10111+Tallinn\/@59.4375289,24.7514602,17z\/data=!3m1!4b1!4m6!3m5!1s0x46929360fe8e7cf3:0x7b7960fc74b80852!8m2!3d59.4375262!4d24.7540351!16s%2Fg%2F11bw3wmzqk?entry=ttu\" target=\"_blank\" rel=\"noopener\">Viru v\u00e4ljak 2<\/a>, Tallinn, Estonia<br \/>Website: <a href=\"https:\/\/projector.ee\" target=\"_blank\" rel=\"noopener\"><span>projector.ee<\/span><\/a><br \/>e-mail: <a href=\"mailto:info@projector.ee\"><span>info@projector.ee<\/span><\/a><\/p>\n<p>\n<\/div><\/div><\/div><div class=\"kc-elm kc-css-93010 kc_col-sm-5 kc_column kc_col-sm-5\"><div class=\"kc-col-container\"><div class=\"kc-elm kc-css-881841 kc-raw-code\"><iframe src=\"https:\/\/www.google.com\/maps\/embed?pb=!1m18!1m12!1m3!1d2028.7329170418445!2d24.75146017647668!3d59.43752890235586!2m3!1f0!2f0!3f0!3m2!1i1024!2i768!4f13.1!3m3!1m2!1s0x46929360fe8e7cf3%3A0x7b7960fc74b80852!2sViru%20v%C3%A4ljak%202%2C%2010111%20Tallinn!5e0!3m2!1sen!2see!4v1714657242724!5m2!1sen!2see\" width=\"468\" height=\"312\" style=\"border:0;\" allowfullscreen=\"\" loading=\"lazy\" referrerpolicy=\"no-referrer-when-downgrade\"><\/iframe><\/div><div class=\"kc-elm kc-css-867858\" style=\"height: 59px; clear: both; width:100%;\"><\/div><\/div><\/div><div class=\"kc-elm kc-css-596224 kc_col-sm-5 kc_column kc_col-sm-5\"><div class=\"kc-col-container\"><div class=\"kc-elm kc-css-720234\" style=\"height: 59px; clear: both; width:100%;\"><\/div><\/div><\/div><\/div><\/div><\/section><section class=\"kc-elm kc-css-489180 kc_row\"><div class=\"kc-row-container  kc-container\"><div class=\"kc-wrap-columns\"><div class=\"kc-elm kc-css-400281 kc_col-sm-3 kc_column kc_col-sm-3\"><div class=\"kc-col-container\"><div class=\"kc-elm kc-css-158616 kc-raw-code\"><a name=\"lat\"><\/a><\/div>\n<div class=\"kc-elm kc-css-484105 kc-title-wrap \">\n\n\t<h2 class=\"kc_title\">Riga<\/h2>\n<\/div>\n<div class=\"kc-elm kc-css-894794 kc_text_block\"><\/p>\n<p>\n<strong>SIA Projector<br \/><\/strong>Marijas 2 Riga, Latvia<br \/>e-mail: <a href=\"mailto:info@projektiinsener.lv\"><span>info@projektiinsener.lv<br \/><\/span><\/a><\/p>\n<p>\n<\/div><\/div><\/div><div class=\"kc-elm kc-css-526078 kc_col-sm-5 kc_column kc_col-sm-5\"><div class=\"kc-col-container\"><div class=\"kc-elm kc-css-427242 kc-raw-code\"><iframe src=\"https:\/\/www.google.com\/maps\/embed?pb=!1m18!1m12!1m3!1d2176.0299172820182!2d24.118278176288825!3d56.94828869928431!2m3!1f0!2f0!3f0!3m2!1i1024!2i768!4f13.1!3m3!1m2!1s0x46eecfd346b7938d%3A0xab2eaf2b3aaf07f8!2sMarijas%20iela%202a%2C%20Centra%20rajons%2C%20R%C4%ABga%2C%20LV-1050%2C%20Latvia!5e0!3m2!1sen!2see!4v1717487040656!5m2!1sen!2see\" width=\"600\" height=\"450\" style=\"border:0;\" allowfullscreen=\"\" loading=\"lazy\" referrerpolicy=\"no-referrer-when-downgrade\"><\/iframe><\/div><div class=\"kc-elm kc-css-762791\" style=\"height: 59px; clear: both; width:100%;\"><\/div><\/div><\/div><div class=\"kc-elm kc-css-224507 kc_col-sm-5 kc_column kc_col-sm-5\"><div class=\"kc-col-container\"><div class=\"kc-elm kc-css-661090 kc_shortcode kc_single_image\">\n\n        <img decoding=\"async\" src=\"https:\/\/projector.lt\/wp-content\/uploads\/riia_kontor-540x360xc.jpg\" class=\"\" alt=\"\" \/>    <\/div>\n<div class=\"kc-elm kc-css-320349\" style=\"height: 59px; clear: both; width:100%;\"><\/div><\/div><\/div><\/div><\/div><\/section><\/p>\n","protected":false},"excerpt":{"rendered":"<p> [&#8230;]<\/p>\n<p><a class=\"btn btn-secondary read-more-link\" href=\"https:\/\/projector.lt\/en\/contact\/\">Read more&#8230;<\/a><\/p>\n","protected":false},"author":3,"featured_media":0,"parent":0,"menu_order":70,"comment_status":"closed","ping_status":"closed","template":"page.php","meta":{"_acf_changed":false,"_custom_body_class":"","_custom_post_class":"","inline_featured_image":false,"footnotes":""},"class_list":["post-1236","page","type-page","status-publish","hentry"],"acf":[],"yoast_head":"<!-- This site is optimized with the Yoast SEO plugin v27.3 - https:\/\/yoast.com\/product\/yoast-seo-wordpress\/ -->\n<title>Contact us - Projector<\/title>\n<meta name=\"robots\" content=\"index, follow, max-snippet:-1, max-image-preview:large, max-video-preview:-1\" \/>\n<link rel=\"canonical\" href=\"https:\/\/projector.lt\/en\/contact\/\" \/>\n<meta property=\"og:locale\" content=\"en_US\" \/>\n<meta property=\"og:type\" content=\"article\" \/>\n<meta property=\"og:title\" content=\"Contact us - Projector\" \/>\n<meta property=\"og:description\" content=\"ESTONIA\u00a0 \u00a0 \u00a0 \u00a0 \u00a0 LATVIA\u00a0 \u00a0 \u00a0 \u00a0 \u00a0 LITHUANIA Vilnius UAB ProjectorJuozo Bal\u010dikonio g. 9 Vilnius, Lithuaniae-mail: info@projector.lt Tallinn Projector O\u00dcViru v\u00e4ljak 2, Tallinn, EstoniaWebsite: projector.eee-mail: info@projector.ee Riga SIA ProjectorMarijas 2 Riga, Latviae-mail: info@projektiinsener.lv [...]Read more...\" \/>\n<meta property=\"og:url\" content=\"https:\/\/projector.lt\/en\/contact\/\" \/>\n<meta property=\"og:site_name\" content=\"Projector\" \/>\n<meta property=\"article:publisher\" content=\"https:\/\/www.facebook.com\/projector.bpt\/\" \/>\n<meta property=\"article:modified_time\" content=\"2024-06-04T07:45:36+00:00\" \/>\n<meta property=\"og:image\" content=\"https:\/\/projector.lt\/wp-content\/uploads\/office-lithuania-e1513606150441-540x360xc.jpg\" \/>\n<meta name=\"twitter:card\" content=\"summary_large_image\" \/>\n<meta name=\"twitter:label1\" content=\"Est. reading time\" \/>\n\t<meta name=\"twitter:data1\" content=\"1 minute\" \/>\n<script type=\"application\/ld+json\" class=\"yoast-schema-graph\">{\"@context\":\"https:\\\/\\\/schema.org\",\"@graph\":[{\"@type\":\"WebPage\",\"@id\":\"https:\\\/\\\/projector.lt\\\/en\\\/contact\\\/\",\"url\":\"https:\\\/\\\/projector.lt\\\/en\\\/contact\\\/\",\"name\":\"Contact us - Projector\",\"isPartOf\":{\"@id\":\"https:\\\/\\\/projector.lt\\\/#website\"},\"primaryImageOfPage\":{\"@id\":\"https:\\\/\\\/projector.lt\\\/en\\\/contact\\\/#primaryimage\"},\"image\":{\"@id\":\"https:\\\/\\\/projector.lt\\\/en\\\/contact\\\/#primaryimage\"},\"thumbnailUrl\":\"https:\\\/\\\/projector.lt\\\/wp-content\\\/uploads\\\/office-lithuania-e1513606150441-540x360xc.jpg\",\"datePublished\":\"2013-05-04T06:25:26+00:00\",\"dateModified\":\"2024-06-04T07:45:36+00:00\",\"breadcrumb\":{\"@id\":\"https:\\\/\\\/projector.lt\\\/en\\\/contact\\\/#breadcrumb\"},\"inLanguage\":\"en-US\",\"potentialAction\":[{\"@type\":\"ReadAction\",\"target\":[\"https:\\\/\\\/projector.lt\\\/en\\\/contact\\\/\"]}]},{\"@type\":\"ImageObject\",\"inLanguage\":\"en-US\",\"@id\":\"https:\\\/\\\/projector.lt\\\/en\\\/contact\\\/#primaryimage\",\"url\":\"https:\\\/\\\/projector.lt\\\/wp-content\\\/uploads\\\/office-lithuania-e1513606150441-540x360xc.jpg\",\"contentUrl\":\"https:\\\/\\\/projector.lt\\\/wp-content\\\/uploads\\\/office-lithuania-e1513606150441-540x360xc.jpg\"},{\"@type\":\"BreadcrumbList\",\"@id\":\"https:\\\/\\\/projector.lt\\\/en\\\/contact\\\/#breadcrumb\",\"itemListElement\":[{\"@type\":\"ListItem\",\"position\":1,\"name\":\"Home\",\"item\":\"https:\\\/\\\/projector.lt\\\/en\\\/\"},{\"@type\":\"ListItem\",\"position\":2,\"name\":\"Contact us\"}]},{\"@type\":\"WebSite\",\"@id\":\"https:\\\/\\\/projector.lt\\\/#website\",\"url\":\"https:\\\/\\\/projector.lt\\\/\",\"name\":\"Projector\",\"description\":\"\",\"publisher\":{\"@id\":\"https:\\\/\\\/projector.lt\\\/#organization\"},\"potentialAction\":[{\"@type\":\"SearchAction\",\"target\":{\"@type\":\"EntryPoint\",\"urlTemplate\":\"https:\\\/\\\/projector.lt\\\/?s={search_term_string}\"},\"query-input\":{\"@type\":\"PropertyValueSpecification\",\"valueRequired\":true,\"valueName\":\"search_term_string\"}}],\"inLanguage\":\"en-US\"},{\"@type\":\"Organization\",\"@id\":\"https:\\\/\\\/projector.lt\\\/#organization\",\"name\":\"Projector\",\"url\":\"https:\\\/\\\/projector.lt\\\/\",\"logo\":{\"@type\":\"ImageObject\",\"inLanguage\":\"en-US\",\"@id\":\"https:\\\/\\\/projector.lt\\\/#\\\/schema\\\/logo\\\/image\\\/\",\"url\":\"https:\\\/\\\/projector.lt\\\/wp-content\\\/uploads\\\/logo-projector.svg\",\"contentUrl\":\"https:\\\/\\\/projector.lt\\\/wp-content\\\/uploads\\\/logo-projector.svg\",\"width\":1,\"height\":1,\"caption\":\"Projector\"},\"image\":{\"@id\":\"https:\\\/\\\/projector.lt\\\/#\\\/schema\\\/logo\\\/image\\\/\"},\"sameAs\":[\"https:\\\/\\\/www.facebook.com\\\/projector.bpt\\\/\"]}]}<\/script>\n<!-- \/ Yoast SEO plugin. -->","yoast_head_json":{"title":"Contact us - Projector","robots":{"index":"index","follow":"follow","max-snippet":"max-snippet:-1","max-image-preview":"max-image-preview:large","max-video-preview":"max-video-preview:-1"},"canonical":"https:\/\/projector.lt\/en\/contact\/","og_locale":"en_US","og_type":"article","og_title":"Contact us - Projector","og_description":"ESTONIA\u00a0 \u00a0 \u00a0 \u00a0 \u00a0 LATVIA\u00a0 \u00a0 \u00a0 \u00a0 \u00a0 LITHUANIA Vilnius UAB ProjectorJuozo Bal\u010dikonio g. 9 Vilnius, Lithuaniae-mail: info@projector.lt Tallinn Projector O\u00dcViru v\u00e4ljak 2, Tallinn, EstoniaWebsite: projector.eee-mail: info@projector.ee Riga SIA ProjectorMarijas 2 Riga, Latviae-mail: info@projektiinsener.lv [...]Read more...","og_url":"https:\/\/projector.lt\/en\/contact\/","og_site_name":"Projector","article_publisher":"https:\/\/www.facebook.com\/projector.bpt\/","article_modified_time":"2024-06-04T07:45:36+00:00","og_image":[{"url":"https:\/\/projector.lt\/wp-content\/uploads\/office-lithuania-e1513606150441-540x360xc.jpg","type":"","width":"","height":""}],"twitter_card":"summary_large_image","twitter_misc":{"Est. reading time":"1 minute"},"schema":{"@context":"https:\/\/schema.org","@graph":[{"@type":"WebPage","@id":"https:\/\/projector.lt\/en\/contact\/","url":"https:\/\/projector.lt\/en\/contact\/","name":"Contact us - Projector","isPartOf":{"@id":"https:\/\/projector.lt\/#website"},"primaryImageOfPage":{"@id":"https:\/\/projector.lt\/en\/contact\/#primaryimage"},"image":{"@id":"https:\/\/projector.lt\/en\/contact\/#primaryimage"},"thumbnailUrl":"https:\/\/projector.lt\/wp-content\/uploads\/office-lithuania-e1513606150441-540x360xc.jpg","datePublished":"2013-05-04T06:25:26+00:00","dateModified":"2024-06-04T07:45:36+00:00","breadcrumb":{"@id":"https:\/\/projector.lt\/en\/contact\/#breadcrumb"},"inLanguage":"en-US","potentialAction":[{"@type":"ReadAction","target":["https:\/\/projector.lt\/en\/contact\/"]}]},{"@type":"ImageObject","inLanguage":"en-US","@id":"https:\/\/projector.lt\/en\/contact\/#primaryimage","url":"https:\/\/projector.lt\/wp-content\/uploads\/office-lithuania-e1513606150441-540x360xc.jpg","contentUrl":"https:\/\/projector.lt\/wp-content\/uploads\/office-lithuania-e1513606150441-540x360xc.jpg"},{"@type":"BreadcrumbList","@id":"https:\/\/projector.lt\/en\/contact\/#breadcrumb","itemListElement":[{"@type":"ListItem","position":1,"name":"Home","item":"https:\/\/projector.lt\/en\/"},{"@type":"ListItem","position":2,"name":"Contact us"}]},{"@type":"WebSite","@id":"https:\/\/projector.lt\/#website","url":"https:\/\/projector.lt\/","name":"Projector","description":"","publisher":{"@id":"https:\/\/projector.lt\/#organization"},"potentialAction":[{"@type":"SearchAction","target":{"@type":"EntryPoint","urlTemplate":"https:\/\/projector.lt\/?s={search_term_string}"},"query-input":{"@type":"PropertyValueSpecification","valueRequired":true,"valueName":"search_term_string"}}],"inLanguage":"en-US"},{"@type":"Organization","@id":"https:\/\/projector.lt\/#organization","name":"Projector","url":"https:\/\/projector.lt\/","logo":{"@type":"ImageObject","inLanguage":"en-US","@id":"https:\/\/projector.lt\/#\/schema\/logo\/image\/","url":"https:\/\/projector.lt\/wp-content\/uploads\/logo-projector.svg","contentUrl":"https:\/\/projector.lt\/wp-content\/uploads\/logo-projector.svg","width":1,"height":1,"caption":"Projector"},"image":{"@id":"https:\/\/projector.lt\/#\/schema\/logo\/image\/"},"sameAs":["https:\/\/www.facebook.com\/projector.bpt\/"]}]}},"_links":{"self":[{"href":"https:\/\/projector.lt\/en\/wp-json\/wp\/v2\/pages\/1236","targetHints":{"allow":["GET"]}}],"collection":[{"href":"https:\/\/projector.lt\/en\/wp-json\/wp\/v2\/pages"}],"about":[{"href":"https:\/\/projector.lt\/en\/wp-json\/wp\/v2\/types\/page"}],"author":[{"embeddable":true,"href":"https:\/\/projector.lt\/en\/wp-json\/wp\/v2\/users\/3"}],"replies":[{"embeddable":true,"href":"https:\/\/projector.lt\/en\/wp-json\/wp\/v2\/comments?post=1236"}],"version-history":[{"count":4,"href":"https:\/\/projector.lt\/en\/wp-json\/wp\/v2\/pages\/1236\/revisions"}],"predecessor-version":[{"id":7995,"href":"https:\/\/projector.lt\/en\/wp-json\/wp\/v2\/pages\/1236\/revisions\/7995"}],"wp:attachment":[{"href":"https:\/\/projector.lt\/en\/wp-json\/wp\/v2\/media?parent=1236"}],"curies":[{"name":"wp","href":"https:\/\/api.w.org\/{rel}","templated":true}]}}